
{"id":1290,"date":"2024-03-04T14:36:07","date_gmt":"2024-03-04T14:36:07","guid":{"rendered":"https:\/\/spakur.is\/stjornendur\/"},"modified":"2025-09-30T15:45:20","modified_gmt":"2025-09-30T15:45:20","slug":"directors","status":"publish","type":"page","link":"https:\/\/spakur.is\/en\/directors\/","title":{"rendered":"Directors"},"content":{"rendered":"<p>[et_pb_section fb_built=&#8221;1&#8243; _builder_version=&#8221;4.24.2&#8243; _module_preset=&#8221;default&#8221; background_color=&#8221;#fbfbf2&#8243; custom_padding=&#8221;||5px|||&#8221; global_colors_info=&#8221;{}&#8221;][et_pb_row column_structure=&#8221;1_3,2_3&#8243; _builder_version=&#8221;4.24.2&#8243; _module_preset=&#8221;default&#8221; global_colors_info=&#8221;{}&#8221;][et_pb_column type=&#8221;1_3&#8243; _builder_version=&#8221;4.24.2&#8243; _module_preset=&#8221;default&#8221; global_colors_info=&#8221;{}&#8221;][et_pb_blurb title=&#8221;Helga Vi\u00f0arsd\u00f3ttir &#8221; image=&#8221;https:\/\/spakur.is\/wp-content\/uploads\/2024\/04\/helga_diagnoal_transparent.png&#8221; _builder_version=&#8221;4.24.2&#8243; _module_preset=&#8221;default&#8221; body_font_size=&#8221;16px&#8221; body_letter_spacing=&#8221;1px&#8221; hover_enabled=&#8221;0&#8243; locked=&#8221;off&#8221; global_colors_info=&#8221;{}&#8221; sticky_enabled=&#8221;0&#8243;]Managing Director<br \/>\nM.Sc. Vi\u00f0skipta- og marka\u00f0sfr\u00e6\u00f0i<br \/>\nB.Sc. Rekstrarhagfr\u00e6\u00f0i[\/et_pb_blurb][\/et_pb_column][et_pb_column type=&#8221;2_3&#8243; _builder_version=&#8221;4.24.2&#8243; _module_preset=&#8221;default&#8221; global_colors_info=&#8221;{}&#8221;][et_pb_video src=&#8221;https:\/\/spakur.dev.kaliber.is\/wp-content\/uploads\/2024\/02\/AdobeStock_186567860.mov&#8221; image_src=&#8221;https:\/\/spakur.is\/wp-content\/uploads\/2024\/04\/overlay.png&#8221; play_icon_color=&#8221;RGBA(255,255,255,0)&#8221; _builder_version=&#8221;4.24.2&#8243; _module_preset=&#8221;default&#8221; width=&#8221;100%&#8221; global_colors_info=&#8221;{}&#8221;][\/et_pb_video][et_pb_text _builder_version=&#8221;4.24.2&#8243; _module_preset=&#8221;default&#8221; global_colors_info=&#8221;{}&#8221;][\/et_pb_text][\/et_pb_column][\/et_pb_row][\/et_pb_section][et_pb_section fb_built=&#8221;1&#8243; disabled_on=&#8221;on|on|on&#8221; _builder_version=&#8221;4.24.2&#8243; _module_preset=&#8221;default&#8221; background_color=&#8221;#fbfbf2&#8243; disabled=&#8221;on&#8221; global_colors_info=&#8221;{}&#8221;][et_pb_row _builder_version=&#8221;4.24.2&#8243; _module_preset=&#8221;default&#8221; global_colors_info=&#8221;{}&#8221;][et_pb_column type=&#8221;4_4&#8243; _builder_version=&#8221;4.24.2&#8243; _module_preset=&#8221;default&#8221; global_colors_info=&#8221;{}&#8221;][et_pb_text _builder_version=&#8221;4.24.2&#8243; _module_preset=&#8221;default&#8221; global_colors_info=&#8221;{}&#8221;]<\/p>\n<h1 style=\"text-align: left;\">Employees<\/h1>\n<p>[\/et_pb_text][\/et_pb_column][\/et_pb_row][et_pb_row column_structure=&#8221;1_3,1_3,1_3&#8243; _builder_version=&#8221;4.24.2&#8243; _module_preset=&#8221;default&#8221; global_colors_info=&#8221;{}&#8221;][et_pb_column type=&#8221;1_3&#8243; _builder_version=&#8221;4.24.2&#8243; _module_preset=&#8221;default&#8221; global_colors_info=&#8221;{}&#8221;][et_pb_blurb title=&#8221;Helga Vi\u00f0arsd\u00f3ttir&#8221; url=&#8221;https:\/\/www.linkedin.com\/in\/helga-vi%C3%B0arsd%C3%B3ttir-4a58a311\/&#8221; url_new_window=&#8221;on&#8221; image=&#8221;https:\/\/spakur.is\/wp-content\/uploads\/2024\/04\/Helga_1_ok.png&#8221; _builder_version=&#8221;4.24.2&#8243; _module_preset=&#8221;default&#8221; hover_enabled=&#8221;0&#8243; global_colors_info=&#8221;{}&#8221; sticky_enabled=&#8221;0&#8243;]<\/p>\n<p>Managing Director<br \/>M.Sc. Vi\u00f0skipta- og marka\u00f0sfr\u00e6\u00f0i<br \/>B.Sc. Rekstrarhagfr\u00e6\u00f0i<\/p>\n<p><a href=\"https:\/\/www.linkedin.com\/in\/helga-vi%C3%B0arsd%C3%B3ttir-4a58a311\/\" target=\"_blank\" rel=\"noopener\"><img decoding=\"async\" src=\"https:\/\/spakur.is\/wp-content\/uploads\/2024\/05\/linkedin_icon.png\" alt=\"\" class=\"wp-image-571 alignleft size-full\" \/><\/a><\/p>\n<p>[\/et_pb_blurb][\/et_pb_column][et_pb_column type=&#8221;1_3&#8243; _builder_version=&#8221;4.24.2&#8243; _module_preset=&#8221;default&#8221; global_colors_info=&#8221;{}&#8221;][et_pb_blurb title=&#8221;Svava S\u00f3l Matth\u00edasd\u00f3ttir&#8221; url=&#8221;https:\/\/www.linkedin.com\/in\/svava-s%C3%B3l-matth%C3%ADasd%C3%B3ttir\/&#8221; url_new_window=&#8221;on&#8221; image=&#8221;https:\/\/spakur.is\/wp-content\/uploads\/2024\/04\/svava_ok.png&#8221; disabled_on=&#8221;on|on|on&#8221; _builder_version=&#8221;4.24.2&#8243; _module_preset=&#8221;default&#8221; disabled=&#8221;on&#8221; global_colors_info=&#8221;{}&#8221;]<\/p>\n<p>Lawyer<br \/>ML \u00ed l\u00f6gfr\u00e6\u00f0i<br \/>BA \u00ed l\u00f6gfr\u00e6\u00f0i<\/p>\n<p><a href=\"https:\/\/www.linkedin.com\/in\/svava-s%C3%B3l-matth%C3%ADasd%C3%B3ttir\/\" target=\"_blank\" rel=\"noopener\"><img decoding=\"async\" src=\"https:\/\/spakur.is\/wp-content\/uploads\/2024\/05\/linkedin_icon.png\" alt=\"\" class=\"wp-image-571 alignleft size-full\" \/><\/a><\/p>\n<p>[\/et_pb_blurb][\/et_pb_column][et_pb_column type=&#8221;1_3&#8243; _builder_version=&#8221;4.24.2&#8243; _module_preset=&#8221;default&#8221; global_colors_info=&#8221;{}&#8221;][\/et_pb_column][\/et_pb_row][\/et_pb_section][et_pb_section fb_built=&#8221;1&#8243; _builder_version=&#8221;4.24.2&#8243; _module_preset=&#8221;default&#8221; background_color=&#8221;#fbfbf2&#8243; global_colors_info=&#8221;{}&#8221;][et_pb_row _builder_version=&#8221;4.24.2&#8243; _module_preset=&#8221;default&#8221; global_colors_info=&#8221;{}&#8221;][et_pb_column type=&#8221;4_4&#8243; _builder_version=&#8221;4.24.2&#8243; _module_preset=&#8221;default&#8221; global_colors_info=&#8221;{}&#8221;][et_pb_text _builder_version=&#8221;4.24.2&#8243; _module_preset=&#8221;default&#8221; global_colors_info=&#8221;{}&#8221;]<\/p>\n<h1 style=\"text-align: left;\">Board and Governance<\/h1>\n<p>[\/et_pb_text][\/et_pb_column][\/et_pb_row][et_pb_row column_structure=&#8221;1_3,1_3,1_3&#8243; _builder_version=&#8221;4.24.2&#8243; _module_preset=&#8221;default&#8221; global_colors_info=&#8221;{}&#8221;][et_pb_column type=&#8221;1_3&#8243; _builder_version=&#8221;4.24.2&#8243; _module_preset=&#8221;default&#8221; global_colors_info=&#8221;{}&#8221;][et_pb_blurb title=&#8221;Halld\u00f3r H. J\u00f3nsson&#8221; image=&#8221;https:\/\/spakur.is\/wp-content\/uploads\/2024\/04\/halldor2_ok.png&#8221; _builder_version=&#8221;4.24.2&#8243; _module_preset=&#8221;default&#8221; global_colors_info=&#8221;{}&#8221;]<\/p>\n<p><span>Chairman of the board<\/span><br \/>Fj\u00e1rfestir<\/p>\n<p>[\/et_pb_blurb][et_pb_blurb title=&#8221;Bj\u00f6rn \u00c1g\u00fast Bj\u00f6rnsson&#8221; url=&#8221;https:\/\/www.linkedin.com\/in\/bj%C3%B6rn-%C3%A1g%C3%BAst-bj%C3%B6rnsson-bb794\/&#8221; image=&#8221;https:\/\/spakur.is\/wp-content\/uploads\/2024\/04\/Bjorn_ok.png&#8221; disabled_on=&#8221;on|on|on&#8221; _builder_version=&#8221;4.24.2&#8243; _module_preset=&#8221;default&#8221; disabled=&#8221;on&#8221; global_colors_info=&#8221;{}&#8221;]<\/p>\n<p>Chairman of the board<br \/>Cand. Sci. v\u00e9laverkfr\u00e6\u00f0i, M.Sc. \u00e1rei\u00f0anleikat\u00e6kni<br \/>R\u00e1\u00f0gjafi og fj\u00e1rfestir<\/p>\n<p><a href=\"https:\/\/www.linkedin.com\/in\/bj%C3%B6rn-%C3%A1g%C3%BAst-bj%C3%B6rnsson-bb794\/\" target=\"_blank\" rel=\"noopener\"><img decoding=\"async\" src=\"https:\/\/spakur.is\/wp-content\/uploads\/2024\/05\/linkedin_icon.png\" alt=\"\" class=\"wp-image-571 alignleft size-full\" \/><\/a><\/p>\n<p>[\/et_pb_blurb][\/et_pb_column][et_pb_column type=&#8221;1_3&#8243; _builder_version=&#8221;4.24.2&#8243; _module_preset=&#8221;default&#8221; global_colors_info=&#8221;{}&#8221;][et_pb_blurb title=&#8221;Helga Vi\u00f0arsd\u00f3ttir&#8221; url=&#8221;https:\/\/www.linkedin.com\/in\/helga-vi%C3%B0arsd%C3%B3ttir-4a58a311\/&#8221; url_new_window=&#8221;on&#8221; image=&#8221;https:\/\/spakur.is\/wp-content\/uploads\/2024\/04\/Helga_1_ok.png&#8221; _builder_version=&#8221;4.24.2&#8243; _module_preset=&#8221;default&#8221; global_colors_info=&#8221;{}&#8221;]<\/p>\n<p>Board member<\/p>\n<p><a href=\"https:\/\/www.linkedin.com\/in\/helga-vi%C3%B0arsd%C3%B3ttir-4a58a311\/\" target=\"_blank\" rel=\"noopener\"><img decoding=\"async\" src=\"https:\/\/spakur.is\/wp-content\/uploads\/2024\/05\/linkedin_icon.png\" alt=\"\" class=\"wp-image-571 alignleft size-full\" \/><\/a><\/p>\n<p>[\/et_pb_blurb][et_pb_blurb title=&#8221;Steinunn Gu\u00f0bjartsd\u00f3ttir&#8221; url=&#8221;https:\/\/www.linkedin.com\/connect-services\/?session_redirect=https%3A%2F%2Fwww.linkedin.com%2Fin%2Fsteinunn-holm-gudbjartsdottir-96675267%2F%3Futm_source%3Dshare%26utm_campaign%3Dshare_via%26utm_content%3Dprofile%26utm_medium%3Dios_app&#8221; url_new_window=&#8221;on&#8221; image=&#8221;https:\/\/spakur.is\/wp-content\/uploads\/2024\/04\/Steinunn_ok.png&#8221; disabled_on=&#8221;on|on|on&#8221; _builder_version=&#8221;4.24.2&#8243; _module_preset=&#8221;default&#8221; disabled=&#8221;on&#8221; global_colors_info=&#8221;{}&#8221;]<\/p>\n<p>Board member<br \/>H\u00e6star\u00e9ttarl\u00f6gma\u00f0ur<br \/>Borgarl\u00f6gmenn<\/p>\n<p><a href=\"https:\/\/www.linkedin.com\/connect-services\/?session_redirect=https%3A%2F%2Fwww.linkedin.com%2Fin%2Fsteinunn-holm-gudbjartsdottir-96675267%2F%3Futm_source%3Dshare%26utm_campaign%3Dshare_via%26utm_content%3Dprofile%26utm_medium%3Dios_app\" target=\"_blank\" rel=\"noopener\"><img decoding=\"async\" src=\"https:\/\/spakur.is\/wp-content\/uploads\/2024\/05\/linkedin_icon.png\" alt=\"\" class=\"wp-image-571 alignleft size-full\" \/><\/a><\/p>\n<p>[\/et_pb_blurb][\/et_pb_column][et_pb_column type=&#8221;1_3&#8243; _builder_version=&#8221;4.24.2&#8243; _module_preset=&#8221;default&#8221; global_colors_info=&#8221;{}&#8221;][et_pb_blurb title=&#8221;Mar\u00eda \u00de\u00f3rsd\u00f3ttir&#8221; image=&#8221;https:\/\/spakur.is\/wp-content\/uploads\/2024\/04\/maria.png&#8221; _builder_version=&#8221;4.24.2&#8243; _module_preset=&#8221;default&#8221; global_colors_info=&#8221;{}&#8221;]<\/p>\n<p>Board member<br \/><span>R\u00e1\u00f0gjafi<\/span><\/p>\n<p>[\/et_pb_blurb][\/et_pb_column][\/et_pb_row][et_pb_row column_structure=&#8221;1_3,1_3,1_3&#8243; _builder_version=&#8221;4.24.2&#8243; _module_preset=&#8221;default&#8221; global_colors_info=&#8221;{}&#8221;][et_pb_column type=&#8221;1_3&#8243; _builder_version=&#8221;4.24.2&#8243; _module_preset=&#8221;default&#8221; global_colors_info=&#8221;{}&#8221;][\/et_pb_column][et_pb_column type=&#8221;1_3&#8243; _builder_version=&#8221;4.24.2&#8243; _module_preset=&#8221;default&#8221; global_colors_info=&#8221;{}&#8221;][\/et_pb_column][et_pb_column type=&#8221;1_3&#8243; _builder_version=&#8221;4.24.2&#8243; _module_preset=&#8221;default&#8221; global_colors_info=&#8221;{}&#8221;][\/et_pb_column][\/et_pb_row][\/et_pb_section]<\/p>\n","protected":false},"excerpt":{"rendered":"<p>Managing Director M.Sc. Vi\u00f0skipta- og marka\u00f0sfr\u00e6\u00f0i B.Sc. Rekstrarhagfr\u00e6\u00f0iEmployeesManaging DirectorM.Sc. Vi\u00f0skipta- og marka\u00f0sfr\u00e6\u00f0iB.Sc. Rekstrarhagfr\u00e6\u00f0i LawyerML \u00ed l\u00f6gfr\u00e6\u00f0iBA \u00ed l\u00f6gfr\u00e6\u00f0i Board and GovernanceChairman of the boardFj\u00e1rfestirChairman of the boardCand. Sci. v\u00e9laverkfr\u00e6\u00f0i, M.Sc. \u00e1rei\u00f0anleikat\u00e6kniR\u00e1\u00f0gjafi og fj\u00e1rfestir Board member Board memberH\u00e6star\u00e9ttarl\u00f6gma\u00f0urBorgarl\u00f6gmenn Board memberR\u00e1\u00f0gjafi<\/p>\n","protected":false},"author":1,"featured_media":0,"parent":0,"menu_order":0,"comment_status":"closed","ping_status":"closed","template":"","meta":{"_acf_changed":false,"_et_pb_use_builder":"on","_et_pb_old_content":"","_et_gb_content_width":"","footnotes":""},"class_list":["post-1290","page","type-page","status-publish","hentry"],"acf":[],"_links":{"self":[{"href":"https:\/\/spakur.is\/en\/wp-json\/wp\/v2\/pages\/1290","targetHints":{"allow":["GET"]}}],"collection":[{"href":"https:\/\/spakur.is\/en\/wp-json\/wp\/v2\/pages"}],"about":[{"href":"https:\/\/spakur.is\/en\/wp-json\/wp\/v2\/types\/page"}],"author":[{"embeddable":true,"href":"https:\/\/spakur.is\/en\/wp-json\/wp\/v2\/users\/1"}],"replies":[{"embeddable":true,"href":"https:\/\/spakur.is\/en\/wp-json\/wp\/v2\/comments?post=1290"}],"version-history":[{"count":12,"href":"https:\/\/spakur.is\/en\/wp-json\/wp\/v2\/pages\/1290\/revisions"}],"predecessor-version":[{"id":2008,"href":"https:\/\/spakur.is\/en\/wp-json\/wp\/v2\/pages\/1290\/revisions\/2008"}],"wp:attachment":[{"href":"https:\/\/spakur.is\/en\/wp-json\/wp\/v2\/media?parent=1290"}],"curies":[{"name":"wp","href":"https:\/\/api.w.org\/{rel}","templated":true}]}}